{"id":1232,"date":"2020-08-30T10:54:09","date_gmt":"2020-08-30T08:54:09","guid":{"rendered":"https:\/\/www.brownbears.si\/?page_id=1232"},"modified":"2023-04-14T14:33:59","modified_gmt":"2023-04-14T12:33:59","slug":"about-us","status":"publish","type":"page","link":"https:\/\/www.brownbears.si\/en\/about-us\/","title":{"rendered":"About us"},"content":{"rendered":"<div id=\"cs-content\" class=\"cs-content\"><\/div>\n","protected":false},"excerpt":{"rendered":"<p>About us Brown Bear&#8217;s distillery, Ale\u0161 Petan s.p. Ra\u0161ica 31A, 1315 Velike La\u0161\u010de, Slovenia Mobile: +386 40 711 100 Email: info@brownbears.si Tax number: 10425012 Registration number: 8608709000 Bank account: SI56 6100 0002 3756 811 BIC: HDELSI22 Terms and conditionsPrivacy policyCookie policy We are committed to quality, business excellence, honesty and continuous development. We strive towards higher culture of drinking spirits &#8230; <a href=\"https:\/\/www.brownbears.si\/en\/about-us\/\" class=\"more-link\">Read More<\/a><\/p>\n","protected":false},"author":1,"featured_media":0,"parent":0,"menu_order":0,"comment_status":"closed","ping_status":"closed","template":"template-blank-4.php","meta":{"rs_blank_template":"","rs_page_bg_color":"#ffffff","slide_template_v7":"","footnotes":""},"class_list":["post-1232","page","type-page","status-publish","hentry","no-post-thumbnail"],"_links":{"self":[{"href":"https:\/\/www.brownbears.si\/en\/wp-json\/wp\/v2\/pages\/1232","targetHints":{"allow":["GET"]}}],"collection":[{"href":"https:\/\/www.brownbears.si\/en\/wp-json\/wp\/v2\/pages"}],"about":[{"href":"https:\/\/www.brownbears.si\/en\/wp-json\/wp\/v2\/types\/page"}],"author":[{"embeddable":true,"href":"https:\/\/www.brownbears.si\/en\/wp-json\/wp\/v2\/users\/1"}],"replies":[{"embeddable":true,"href":"https:\/\/www.brownbears.si\/en\/wp-json\/wp\/v2\/comments?post=1232"}],"version-history":[{"count":5,"href":"https:\/\/www.brownbears.si\/en\/wp-json\/wp\/v2\/pages\/1232\/revisions"}],"predecessor-version":[{"id":1917,"href":"https:\/\/www.brownbears.si\/en\/wp-json\/wp\/v2\/pages\/1232\/revisions\/1917"}],"wp:attachment":[{"href":"https:\/\/www.brownbears.si\/en\/wp-json\/wp\/v2\/media?parent=1232"}],"curies":[{"name":"wp","href":"https:\/\/api.w.org\/{rel}","templated":true}]}}